{"id":6,"date":"2020-05-23T18:35:24","date_gmt":"2020-05-23T18:35:24","guid":{"rendered":"https:\/\/redeimobiliariajundiai.com.br\/site\/adverts\/"},"modified":"2020-06-17T12:23:54","modified_gmt":"2020-06-17T15:23:54","slug":"imoveis","status":"publish","type":"page","link":"https:\/\/redeimobiliariajundiai.com.br\/site\/imoveis\/","title":{"rendered":"IM\u00d3VEIS"},"content":{"rendered":"\n<p class=\"has-text-color has-vivid-red-color\">Gostaria de ter seu Im\u00f3vel listado AQUI ?<\/p>\n\n\n\n<p>Anuncie no <a href=\"https:\/\/www.classificadosjundiai.com.br\/anunciar.html\"><strong>Classificados Jundia\u00ed<\/strong><\/a> e ganhe uma p\u00e1gina exclusiva conosco.<\/p>\n\n\n\r\n\r\n<div class=\"adverts-options\">\r\n    <form action=\"\" class=\"adverts-search-form\" method=\"get\">\r\n        \r\n                \r\n                <div class=\"adverts-search\">\r\n                        <div class=\"advert-input advert-input-type-half advert-input-type-half-left\">\r\n                                <input type=\"text\" name=\"query\" id=\"query\" placeholder=\"Palavra ...\"  \/>            <\/div>\r\n                        <div class=\"advert-input advert-input-type-half advert-input-type-half-right\">\r\n                                <input type=\"text\" name=\"location\" id=\"location\" placeholder=\"Localiza\u00e7\u00e3o ...\"  \/>            <\/div>\r\n                    <\/div>\r\n                \r\n            \r\n        <div class=\"adverts-options-left adverts-js\">\r\n                        <a href=\"\/site\/wp-json\/wp\/v2\/pages\/6?display=grid\" class=\"adverts-button-small adverts-switch-view\" title=\"Grid\"><span class=\"adverts-square-icon adverts-icon-th-large\"><\/span><\/a>\r\n            <a href=\"\/site\/wp-json\/wp\/v2\/pages\/6?display=list\" class=\"adverts-button-small adverts-switch-view\" title=\"Lista\"><span class=\"adverts-square-icon adverts-icon-th-list\"><\/span><\/a>\r\n                        \r\n                    <\/div>\r\n\r\n        <div class=\"adverts-options-right adverts-js\">\r\n                        <a href=\"#\" class=\"adverts-form-submit adverts-button-small\">PESQUISAR <span class=\"adverts-icon-search\"><span><\/a>\r\n        <\/div>\r\n\r\n        <div class=\"adverts-options-fallback adverts-no-js\">\r\n            <input type=\"submit\" value=\"Filtrar resultados\" \/>\r\n        <\/div>\r\n    <\/form>\r\n<\/div>\r\n\r\n<div class=\"adverts-list adverts-bg-hover\">\r\n                <div class=\"advert-item advert-item-col-1 advert-id-53 advert-is-featured\">\r\n\r\n                <div class=\"advert-img\">\r\n                                            <img decoding=\"async\" src=\"https:\/\/redeimobiliariajundiai.com.br\/site\/wp-content\/uploads\/2021\/07\/porta-350x250.jpg\" class=\"advert-item-grow\" title=\"\" alt=\"Aluguel sal\u00e3o comercial Jundia\u00ed\" \/>\r\n                    <\/div>\r\n     \r\n        <div class=\"advert-post-title\">\r\n            <span title=\"Aluguel Sal\u00e3o Comercial em Jundia\u00ed 50 mts sem garantia\" class=\"advert-link\">\r\n                <span class=\"advert-link-text\">Aluguel Sal\u00e3o Comercial em Jundia\u00ed 50 mts sem garantia<\/span>\r\n                            <\/span>\r\n            <a href=\"https:\/\/redeimobiliariajundiai.com.br\/site\/advert\/aluguel-salao-comercial-50-mts-jundiai\/\" title=\"Aluguel Sal\u00e3o Comercial em Jundia\u00ed 50 mts sem garantia\" class=\"advert-link-wrap\"><\/a>\r\n        <\/div>\r\n\r\n        <div class=\"advert-published \">\r\n\r\n            <span class=\"advert-date\">03\/08\/2023<\/span>\r\n\r\n                                    <span class=\"advert-item-col-1-only advert-location adverts-icon-location\">Marechal Deodoro - Centro - Jundia\u00ed<\/span>\r\n            \r\n                                    <div class=\"advert-price\">R$2.100,00<\/div>\r\n                    <\/div>\r\n\r\n    <\/div>\r\n            <div class=\"advert-item advert-item-col-1 advert-id-144 advert-is-featured\">\r\n\r\n                <div class=\"advert-img\">\r\n                                            <img decoding=\"async\" src=\"https:\/\/redeimobiliariajundiai.com.br\/site\/wp-content\/uploads\/2022\/03\/maxime_jundiai_04-350x250.jpg\" class=\"advert-item-grow\" title=\"\" alt=\"\" \/>\r\n                    <\/div>\r\n     \r\n        <div class=\"advert-post-title\">\r\n            <span title=\"Sala Comercial Edif\u00edcio Maxime Office Tower\" class=\"advert-link\">\r\n                <span class=\"advert-link-text\">Sala Comercial Edif\u00edcio Maxime Office Tower<\/span>\r\n                            <\/span>\r\n            <a href=\"https:\/\/redeimobiliariajundiai.com.br\/site\/advert\/sala-comercial-edificio-maxime-office-tower\/\" title=\"Sala Comercial Edif\u00edcio Maxime Office Tower\" class=\"advert-link-wrap\"><\/a>\r\n        <\/div>\r\n\r\n        <div class=\"advert-published \">\r\n\r\n            <span class=\"advert-date\">31\/03\/2022<\/span>\r\n\r\n                                    <span class=\"advert-item-col-1-only advert-location adverts-icon-location\">Avenida 9 de Julho - Jundia\u00ed<\/span>\r\n            \r\n                                    <div class=\"advert-price\">R$5.000,00<\/div>\r\n                    <\/div>\r\n\r\n    <\/div>\r\n            <div class=\"advert-item advert-item-col-1 advert-id-121 advert-is-featured\">\r\n\r\n                <div class=\"advert-img\">\r\n                                            <img decoding=\"async\" src=\"https:\/\/redeimobiliariajundiai.com.br\/site\/wp-content\/uploads\/2021\/07\/face_pequena-270x250.jpg\" class=\"advert-item-grow\" title=\"\" alt=\"\" \/>\r\n                    <\/div>\r\n     \r\n        <div class=\"advert-post-title\">\r\n            <span title=\"Tradu\u00e7\u00e3o Juramentada Jundia\u00ed Regi\u00e3o\" class=\"advert-link\">\r\n                <span class=\"advert-link-text\">Tradu\u00e7\u00e3o Juramentada Jundia\u00ed Regi\u00e3o<\/span>\r\n                            <\/span>\r\n            <a href=\"https:\/\/redeimobiliariajundiai.com.br\/site\/advert\/servicos\/\" title=\"Tradu\u00e7\u00e3o Juramentada Jundia\u00ed Regi\u00e3o\" class=\"advert-link-wrap\"><\/a>\r\n        <\/div>\r\n\r\n        <div class=\"advert-published \">\r\n\r\n            <span class=\"advert-date\">26\/07\/2021<\/span>\r\n\r\n                                    <span class=\"advert-item-col-1-only advert-location adverts-icon-location\">Jundia\u00ed<\/span>\r\n            \r\n                                    <div class=\"advert-price\">R$350,00<\/div>\r\n                    <\/div>\r\n\r\n    <\/div>\r\n            <\/div>\r\n\r\n<div class=\"adverts-pagination\">\r\n    <\/div>\r\n\r\n\n\n\n<p class=\"has-drop-cap has-medium-font-size\"><\/p>\n","protected":false},"excerpt":{"rendered":"<p>Gostaria de ter seu Im\u00f3vel listado AQUI ? Anuncie no Classificados Jundia\u00ed e ganhe uma p\u00e1gina exclusiva conosco.<\/p>\n","protected":false},"author":1,"featured_media":0,"parent":0,"menu_order":1,"comment_status":"closed","ping_status":"closed","template":"","meta":{"footnotes":""},"class_list":["post-6","page","type-page","status-publish","hentry"],"_links":{"self":[{"href":"https:\/\/redeimobiliariajundiai.com.br\/site\/wp-json\/wp\/v2\/pages\/6","targetHints":{"allow":["GET"]}}],"collection":[{"href":"https:\/\/redeimobiliariajundiai.com.br\/site\/wp-json\/wp\/v2\/pages"}],"about":[{"href":"https:\/\/redeimobiliariajundiai.com.br\/site\/wp-json\/wp\/v2\/types\/page"}],"author":[{"embeddable":true,"href":"https:\/\/redeimobiliariajundiai.com.br\/site\/wp-json\/wp\/v2\/users\/1"}],"replies":[{"embeddable":true,"href":"https:\/\/redeimobiliariajundiai.com.br\/site\/wp-json\/wp\/v2\/comments?post=6"}],"version-history":[{"count":3,"href":"https:\/\/redeimobiliariajundiai.com.br\/site\/wp-json\/wp\/v2\/pages\/6\/revisions"}],"predecessor-version":[{"id":73,"href":"https:\/\/redeimobiliariajundiai.com.br\/site\/wp-json\/wp\/v2\/pages\/6\/revisions\/73"}],"wp:attachment":[{"href":"https:\/\/redeimobiliariajundiai.com.br\/site\/wp-json\/wp\/v2\/media?parent=6"}],"curies":[{"name":"wp","href":"https:\/\/api.w.org\/{rel}","templated":true}]}}