{"id":27,"date":"2020-05-23T19:13:47","date_gmt":"2020-05-23T19:13:47","guid":{"rendered":"https:\/\/redeimobiliariajundiai.com.br\/site\/?page_id=27"},"modified":"2021-08-26T12:04:05","modified_gmt":"2021-08-26T15:04:05","slug":"rede-imobiliaria-jundiai","status":"publish","type":"page","link":"https:\/\/redeimobiliariajundiai.com.br\/site\/","title":{"rendered":"QUEM SOMOS"},"content":{"rendered":"\n<p>O Portal REDEIMOBILIARIAJUNDIAI.COM.BR&nbsp;\u00e9 um site virtual, destinado a divulga\u00e7\u00e3o de An\u00fancios de Bens e Servi\u00e7os do Ramo Imobili\u00e1rio. <\/p>\n\n\n\n<p>N\u00f3s <strong>N\u00c3O<\/strong> intermediamos nem vendemos Im\u00f3veis. A fun\u00e7\u00e3o do Portal \u00e9 aproximar Compradores dos Vendedores e Prestadores de Servi\u00e7os do Ramo Imobili\u00e1rio de Jundia\u00ed e Regi\u00e3o.<br>O Portal oferece a possibilidade de An\u00facios de Particulares, Imobili\u00e1rias, Corretores, Construtores etc..<\/p>\n\n\n\n<p><strong>SOBRE AN\u00daNCIOS<\/strong><br>Voc\u00ea pode anunciar seu Im\u00f3vel, Servi\u00e7o ou Empresa do Ramo, atrav\u00e9s de An\u00fancio Individual pago, com a inclus\u00e3o de v\u00e1rias fotos e link para sua p\u00e1gina ou do Im\u00f3vel.<\/p>\n\n\n\n<p><strong>PARCERIAS<\/strong><br>Contratando qualquer tipo de An\u00fancio com o Portal Rede Imobili\u00e1ria Jundia\u00ed, voc\u00ea ter\u00e1 tamb\u00e9m seu An\u00fancio Publicado no&nbsp;<a rel=\"noreferrer noopener\" href=\"https:\/\/www.classificadosjundiai.com.br\/anunciar.html\" target=\"_blank\">CLASSIFICADOS  JUNDIA\u00cd<\/a>&nbsp;inteiramente Gr\u00e1tis por um per\u00edodo de 30 dias, aumentando ainda mais a VISIBILIDADE de seu Im\u00f3vel, Empresa ou Servi\u00e7o.<\/p>\n\n\n\n<p>Temos parceria tamb\u00e9m com o <a rel=\"noreferrer noopener\" href=\"https:\/\/www.despachantejundiai.com.br\/traducao-juramentada.html\" target=\"_blank\">DESPACHANTE DE CERTID\u00d4ES JUNDIA\u00cd<\/a> , que ajudar\u00e1 na arrecada\u00e7\u00e3o de Certid\u00f5es Imobili\u00e1rias , para uma negocia\u00e7\u00e3o sem riscos.<\/p>\n\n\n\n<p>Al\u00e9m disso o Despachante Jundia\u00ed, possui o Servi\u00e7o de <a href=\"https:\/\/www.despachantejundiai.com.br\/traducao-juramentada.html\">Tradu\u00e7\u00e3o Juramentada em Jundia\u00ed e Regi\u00e3o<\/a>, onde a mais de 15 anos vem atendendo o cidad\u00e3o.<\/p>\n\n\n\n<p>Quer saber mais sobre Tradu\u00e7\u00e3o Juramentada, <a href=\"https:\/\/redeimobiliariajundiai.com.br\/site\/traducao-juramentada\/\" target=\"_blank\" rel=\"noreferrer noopener\">CLIC AQUI.<\/a><\/p>\n\n\n\n<p><\/p>\n","protected":false},"excerpt":{"rendered":"<p>O Portal REDEIMOBILIARIAJUNDIAI.COM.BR&nbsp;\u00e9 um site virtual, destinado a divulga\u00e7\u00e3o de An\u00fancios de Bens e Servi\u00e7os do Ramo Imobili\u00e1rio. N\u00f3s N\u00c3O intermediamos nem vendemos Im\u00f3veis. A fun\u00e7\u00e3o do Portal \u00e9 aproximar Compradores dos Vendedores e Prestadores de Servi\u00e7os do Ramo Imobili\u00e1rio de Jundia\u00ed e Regi\u00e3o.O Portal oferece a possibilidade de An\u00facios de Particulares, Imobili\u00e1rias, Corretores, Construtores etc.. SOBRE AN\u00daNCIOSVoc\u00ea pode anunciar seu Im\u00f3vel, Servi\u00e7o ou Empresa do Ramo, atrav\u00e9s de An\u00fancio Individual pago, com a inclus\u00e3o de v\u00e1rias fotos e link para sua p\u00e1gina ou do Im\u00f3vel. PARCERIASContratando qualquer tipo de An\u00fancio com o Portal Rede Imobili\u00e1ria Jundia\u00ed, voc\u00ea ter\u00e1 tamb\u00e9m [&hellip;]<\/p>\n","protected":false},"author":1,"featured_media":0,"parent":0,"menu_order":0,"comment_status":"closed","ping_status":"closed","template":"","meta":{"footnotes":""},"class_list":["post-27","page","type-page","status-publish","hentry"],"_links":{"self":[{"href":"https:\/\/redeimobiliariajundiai.com.br\/site\/wp-json\/wp\/v2\/pages\/27","targetHints":{"allow":["GET"]}}],"collection":[{"href":"https:\/\/redeimobiliariajundiai.com.br\/site\/wp-json\/wp\/v2\/pages"}],"about":[{"href":"https:\/\/redeimobiliariajundiai.com.br\/site\/wp-json\/wp\/v2\/types\/page"}],"author":[{"embeddable":true,"href":"https:\/\/redeimobiliariajundiai.com.br\/site\/wp-json\/wp\/v2\/users\/1"}],"replies":[{"embeddable":true,"href":"https:\/\/redeimobiliariajundiai.com.br\/site\/wp-json\/wp\/v2\/comments?post=27"}],"version-history":[{"count":8,"href":"https:\/\/redeimobiliariajundiai.com.br\/site\/wp-json\/wp\/v2\/pages\/27\/revisions"}],"predecessor-version":[{"id":129,"href":"https:\/\/redeimobiliariajundiai.com.br\/site\/wp-json\/wp\/v2\/pages\/27\/revisions\/129"}],"wp:attachment":[{"href":"https:\/\/redeimobiliariajundiai.com.br\/site\/wp-json\/wp\/v2\/media?parent=27"}],"curies":[{"name":"wp","href":"https:\/\/api.w.org\/{rel}","templated":true}]}}