{"id":2,"date":"2020-05-23T18:31:17","date_gmt":"2020-05-23T18:31:17","guid":{"rendered":"https:\/\/redeimobiliariajundiai.com.br\/site\/?page_id=2"},"modified":"2020-06-29T11:23:49","modified_gmt":"2020-06-29T14:23:49","slug":"como-anunciar-seu-imovel","status":"publish","type":"page","link":"https:\/\/redeimobiliariajundiai.com.br\/site\/como-anunciar-seu-imovel\/","title":{"rendered":"COMO ANUNCIAR SEU IM\u00d3VEL"},"content":{"rendered":"\n<p>Para ter seu im\u00f3vel listado aqui no site RedeImobili\u00e1riaJundia.com.br, voc\u00ea dever\u00e1 anuncia-lo primeiramente no site do <a rel=\"noreferrer noopener\" href=\"https:\/\/classificadosjundiai.com.br\/anunciar.html\" target=\"_blank\">CLASSIFICADOS JUNDIA\u00cd<\/a> que \u00e9 nosso parceiro EXCLUSIVO.<\/p>\n\n\n\n<p>Com isso, voc\u00ea ter\u00e1 seu im\u00f3vel listado automaticamente aqui  sem nenhum custo adicional, aumentado a visibilidade e a probabilidade de concluir sua negocia\u00e7\u00e3o.<\/p>\n\n\n\n<p><\/p>\n\n\n\n<p><\/p>\n","protected":false},"excerpt":{"rendered":"<p>Para ter seu im\u00f3vel listado aqui no site RedeImobili\u00e1riaJundia.com.br, voc\u00ea dever\u00e1 anuncia-lo primeiramente no site do CLASSIFICADOS JUNDIA\u00cd que \u00e9 nosso parceiro EXCLUSIVO. Com isso, voc\u00ea ter\u00e1 seu im\u00f3vel listado automaticamente aqui sem nenhum custo adicional, aumentado a visibilidade e a probabilidade de concluir sua negocia\u00e7\u00e3o.<\/p>\n","protected":false},"author":1,"featured_media":0,"parent":0,"menu_order":0,"comment_status":"closed","ping_status":"open","template":"","meta":{"footnotes":""},"class_list":["post-2","page","type-page","status-publish","hentry"],"_links":{"self":[{"href":"https:\/\/redeimobiliariajundiai.com.br\/site\/wp-json\/wp\/v2\/pages\/2","targetHints":{"allow":["GET"]}}],"collection":[{"href":"https:\/\/redeimobiliariajundiai.com.br\/site\/wp-json\/wp\/v2\/pages"}],"about":[{"href":"https:\/\/redeimobiliariajundiai.com.br\/site\/wp-json\/wp\/v2\/types\/page"}],"author":[{"embeddable":true,"href":"https:\/\/redeimobiliariajundiai.com.br\/site\/wp-json\/wp\/v2\/users\/1"}],"replies":[{"embeddable":true,"href":"https:\/\/redeimobiliariajundiai.com.br\/site\/wp-json\/wp\/v2\/comments?post=2"}],"version-history":[{"count":5,"href":"https:\/\/redeimobiliariajundiai.com.br\/site\/wp-json\/wp\/v2\/pages\/2\/revisions"}],"predecessor-version":[{"id":94,"href":"https:\/\/redeimobiliariajundiai.com.br\/site\/wp-json\/wp\/v2\/pages\/2\/revisions\/94"}],"wp:attachment":[{"href":"https:\/\/redeimobiliariajundiai.com.br\/site\/wp-json\/wp\/v2\/media?parent=2"}],"curies":[{"name":"wp","href":"https:\/\/api.w.org\/{rel}","templated":true}]}}