{"id":127,"date":"2021-08-26T12:00:40","date_gmt":"2021-08-26T15:00:40","guid":{"rendered":"https:\/\/redeimobiliariajundiai.com.br\/site\/?page_id=127"},"modified":"2021-08-26T12:00:41","modified_gmt":"2021-08-26T15:00:41","slug":"traducao-juramentada","status":"publish","type":"page","link":"https:\/\/redeimobiliariajundiai.com.br\/site\/traducao-juramentada\/","title":{"rendered":"Tradu\u00e7\u00e3o Juramentada"},"content":{"rendered":"\n<h2 class=\"wp-block-heading\">Tradu\u00e7\u00e3o Juramentada &#8211; Conceito<\/h2>\n\n\n\n<p>A legisla\u00e7\u00e3o Brasileira exige a Tradu\u00e7\u00e3o Juramentada SOLICITE AQUI 4497.1701 de Documentos e Certid\u00f5es em l\u00edngua estrangeira para que estes tenham validade no Brasil.<\/p>\n\n\n\n<p>No caso da Tradu\u00e7\u00e3o Juramentada do Portugu\u00eas para uma l\u00edngua estrangeira ou vice-versa, a aceita\u00e7\u00e3o de tradu\u00e7\u00f5es juramentadas feitas por tradutores p\u00fablicos e int\u00e9rpretes comerciais brasileiros \u00e9 determinada pela legisla\u00e7\u00e3o do pa\u00eds de destino. A Tradu\u00e7\u00e3o pode ser Juramentada, T\u00e9cnica ou Tradu\u00e7\u00e3o Livre, dependendo do tipo de utiliza\u00e7\u00e3o do documento.<\/p>\n\n\n\n<p>Geralmente a tradu\u00e7\u00e3o juramentada \u00e9 feita a partir de documentos originais tais como, Diplomas e Hist\u00f3rico Escolar, Certid\u00e3o de Nascimento, Casamento e Inteiro Teor para Cidadanias diversas entre outros.<\/p>\n\n\n\n<p>Solicite&nbsp;<\/p>\n\n\n\n<p><a href=\"https:\/\/www.despachantejundiai.com.br\/solicitar-certidoes.html\">AQUI Tradu\u00e7\u00f5es e Apostilamento de Documentos.<\/a><\/p>\n","protected":false},"excerpt":{"rendered":"<p>Tradu\u00e7\u00e3o Juramentada &#8211; Conceito A legisla\u00e7\u00e3o Brasileira exige a Tradu\u00e7\u00e3o Juramentada SOLICITE AQUI 4497.1701 de Documentos e Certid\u00f5es em l\u00edngua estrangeira para que estes tenham validade no Brasil. No caso da Tradu\u00e7\u00e3o Juramentada do Portugu\u00eas para uma l\u00edngua estrangeira ou vice-versa, a aceita\u00e7\u00e3o de tradu\u00e7\u00f5es juramentadas feitas por tradutores p\u00fablicos e int\u00e9rpretes comerciais brasileiros \u00e9 determinada pela legisla\u00e7\u00e3o do pa\u00eds de destino. A Tradu\u00e7\u00e3o pode ser Juramentada, T\u00e9cnica ou Tradu\u00e7\u00e3o Livre, dependendo do tipo de utiliza\u00e7\u00e3o do documento. Geralmente a tradu\u00e7\u00e3o juramentada \u00e9 feita a partir de documentos originais tais como, Diplomas e Hist\u00f3rico Escolar, Certid\u00e3o de Nascimento, Casamento e [&hellip;]<\/p>\n","protected":false},"author":1,"featured_media":0,"parent":0,"menu_order":0,"comment_status":"closed","ping_status":"closed","template":"","meta":{"footnotes":""},"class_list":["post-127","page","type-page","status-publish","hentry"],"_links":{"self":[{"href":"https:\/\/redeimobiliariajundiai.com.br\/site\/wp-json\/wp\/v2\/pages\/127","targetHints":{"allow":["GET"]}}],"collection":[{"href":"https:\/\/redeimobiliariajundiai.com.br\/site\/wp-json\/wp\/v2\/pages"}],"about":[{"href":"https:\/\/redeimobiliariajundiai.com.br\/site\/wp-json\/wp\/v2\/types\/page"}],"author":[{"embeddable":true,"href":"https:\/\/redeimobiliariajundiai.com.br\/site\/wp-json\/wp\/v2\/users\/1"}],"replies":[{"embeddable":true,"href":"https:\/\/redeimobiliariajundiai.com.br\/site\/wp-json\/wp\/v2\/comments?post=127"}],"version-history":[{"count":1,"href":"https:\/\/redeimobiliariajundiai.com.br\/site\/wp-json\/wp\/v2\/pages\/127\/revisions"}],"predecessor-version":[{"id":128,"href":"https:\/\/redeimobiliariajundiai.com.br\/site\/wp-json\/wp\/v2\/pages\/127\/revisions\/128"}],"wp:attachment":[{"href":"https:\/\/redeimobiliariajundiai.com.br\/site\/wp-json\/wp\/v2\/media?parent=127"}],"curies":[{"name":"wp","href":"https:\/\/api.w.org\/{rel}","templated":true}]}}